{"id":769,"date":"2025-10-26T18:51:15","date_gmt":"2025-10-26T18:51:15","guid":{"rendered":"https:\/\/raquelmartinsphotography.com\/?page_id=769"},"modified":"2025-11-27T20:24:13","modified_gmt":"2025-11-27T20:24:13","slug":"about","status":"publish","type":"page","link":"https:\/\/raquelmartinsphotography.com\/pt\/about\/","title":{"rendered":"Sobre"},"content":{"rendered":"<div data-elementor-type=\"wp-page\" data-elementor-id=\"769\" class=\"elementor elementor-769\" data-elementor-post-type=\"page\">\n\t\t\t\t<div class=\"elementor-element elementor-element-4ab8c73 e-flex e-con-boxed e-con e-parent\" data-id=\"4ab8c73\" data-element_type=\"container\">\n\t\t\t\t\t<div class=\"e-con-inner\">\n\t\t<div class=\"elementor-element elementor-element-6fdd00b e-con-full e-flex e-con e-child\" data-id=\"6fdd00b\" data-element_type=\"container\">\n\t\t\t\t<div class=\"elementor-element elementor-element-fd54476 elementor-widget elementor-widget-heading\" data-id=\"fd54476\" data-element_type=\"widget\" data-widget_type=\"heading.default\">\n\t\t\t\t\t<h2 class=\"elementor-heading-title elementor-size-default\">Sobre<\/h2>\t\t\t\t<\/div>\n\t\t\t\t<div class=\"elementor-element elementor-element-e52f019 elementor-widget elementor-widget-text-editor\" data-id=\"e52f019\" data-element_type=\"widget\" data-widget_type=\"text-editor.default\">\n\t\t\t\t\t\t\t\t\t<p>Perten\u00e7o ao mundo das imagens, \u00e0 poesia visual\u2026<br \/>A minha vis\u00e3o \u00e9 minimalista, gr\u00e1fica e simb\u00f3lica.<\/p><p>Inspiro-me mo mar e na luz do Sul, numa ideia de tempo sem tempo, suspenso de uma certa maneira. Movo-me entre a realidade e o imagin\u00e1rio, sempre com um toque de esperan\u00e7a.<br \/>I\u2019m surrounded by art everywhere in my mind, by beauty and renaissance compositions, with a bit of contemporary lines and a big wish to find that quiet place, inside and outside.<\/p><p>Espero que gostem da viagem.<\/p><p>Sou formada em Turismo e Hist\u00f3ria de Arte, especializei-me em Estudos Asi\u00e1ticos e trabalhei como guia int\u00e9rprete durante cerca de 20 anos. A m\u00e1quina fotogr\u00e1fica foi sempre uma companhia nas minhas viagens pelo mundo e decidi fazer forma\u00e7\u00e3o profissional em fotografia durante a pandemia devido a uma paragem for\u00e7ada no meu trabalho. Desde ent\u00e3o dedico-me exclusivamente a captar o mundo e a materializar conceitos atrav\u00e9s da imagem.<\/p>\t\t\t\t\t\t\t\t<\/div>\n\t\t\t\t<\/div>\n\t\t<div class=\"elementor-element elementor-element-d744be7 e-con-full e-flex e-con e-child\" data-id=\"d744be7\" data-element_type=\"container\">\n\t\t\t\t<div class=\"elementor-element elementor-element-10ce08b elementor-widget elementor-widget-image\" data-id=\"10ce08b\" data-element_type=\"widget\" data-widget_type=\"image.default\">\n\t\t\t\t\t\t\t\t\t\t\t\t\t\t\t<img fetchpriority=\"high\" decoding=\"async\" width=\"800\" height=\"534\" src=\"https:\/\/raquelmartinsphotography.com\/wp-content\/uploads\/2025\/11\/Perfil-Raquel-2.-VF-2_1-1024x683.jpg\" class=\"attachment-large size-large wp-image-1920\" alt=\"\" srcset=\"https:\/\/raquelmartinsphotography.com\/wp-content\/uploads\/2025\/11\/Perfil-Raquel-2.-VF-2_1-1024x683.jpg 1024w, https:\/\/raquelmartinsphotography.com\/wp-content\/uploads\/2025\/11\/Perfil-Raquel-2.-VF-2_1-300x200.jpg 300w, https:\/\/raquelmartinsphotography.com\/wp-content\/uploads\/2025\/11\/Perfil-Raquel-2.-VF-2_1-768x512.jpg 768w, https:\/\/raquelmartinsphotography.com\/wp-content\/uploads\/2025\/11\/Perfil-Raquel-2.-VF-2_1-1536x1024.jpg 1536w, https:\/\/raquelmartinsphotography.com\/wp-content\/uploads\/2025\/11\/Perfil-Raquel-2.-VF-2_1-2048x1366.jpg 2048w, https:\/\/raquelmartinsphotography.com\/wp-content\/uploads\/2025\/11\/Perfil-Raquel-2.-VF-2_1-18x12.jpg 18w\" sizes=\"(max-width: 800px) 100vw, 800px\" \/>\t\t\t\t\t\t\t\t\t\t\t\t\t\t\t<\/div>\n\t\t\t\t<\/div>\n\t\t\t\t\t<\/div>\n\t\t\t\t<\/div>\n\t\t\t\t<\/div>","protected":false},"excerpt":{"rendered":"<p>about I belong to the world of images, to visual poetry\u2026My vision is minimalistic, graphic and symbolic. I\u2019m inspired by the sea and the light of the south, by a time without time, suspended in a certain way. I move between reality and imaginary, always with a touch of hope.I\u2019m surrounded by art everywhere in [&hellip;]<\/p>","protected":false},"author":1,"featured_media":0,"parent":0,"menu_order":0,"comment_status":"closed","ping_status":"closed","template":"","meta":{"footnotes":""},"class_list":["post-769","page","type-page","status-publish","hentry"],"_links":{"self":[{"href":"https:\/\/raquelmartinsphotography.com\/pt\/wp-json\/wp\/v2\/pages\/769","targetHints":{"allow":["GET"]}}],"collection":[{"href":"https:\/\/raquelmartinsphotography.com\/pt\/wp-json\/wp\/v2\/pages"}],"about":[{"href":"https:\/\/raquelmartinsphotography.com\/pt\/wp-json\/wp\/v2\/types\/page"}],"author":[{"embeddable":true,"href":"https:\/\/raquelmartinsphotography.com\/pt\/wp-json\/wp\/v2\/users\/1"}],"replies":[{"embeddable":true,"href":"https:\/\/raquelmartinsphotography.com\/pt\/wp-json\/wp\/v2\/comments?post=769"}],"version-history":[{"count":31,"href":"https:\/\/raquelmartinsphotography.com\/pt\/wp-json\/wp\/v2\/pages\/769\/revisions"}],"predecessor-version":[{"id":1926,"href":"https:\/\/raquelmartinsphotography.com\/pt\/wp-json\/wp\/v2\/pages\/769\/revisions\/1926"}],"wp:attachment":[{"href":"https:\/\/raquelmartinsphotography.com\/pt\/wp-json\/wp\/v2\/media?parent=769"}],"curies":[{"name":"wp","href":"https:\/\/api.w.org\/{rel}","templated":true}]}}